{"id":537,"date":"2023-11-28T17:52:41","date_gmt":"2023-11-28T16:52:41","guid":{"rendered":"https:\/\/gamacapital.org\/?post_type=product&#038;p=537"},"modified":"2023-11-28T17:52:41","modified_gmt":"2023-11-28T16:52:41","slug":"tornillo-cedrelinga-cateniformis","status":"publish","type":"product","link":"https:\/\/gamacapital.org\/index.php\/producto\/tornillo-cedrelinga-cateniformis\/","title":{"rendered":"Tornillo (Cedrelinga cateniformis)"},"content":{"rendered":"<p><img loading=\"lazy\" decoding=\"async\" class=\"alignnone size-medium wp-image-531\" src=\"http:\/\/gamacapital.org\/wp-content\/uploads\/2023\/11\/1-200x300.jpeg\" alt=\"\" width=\"200\" height=\"300\" srcset=\"https:\/\/gamacapital.org\/wp-content\/uploads\/2023\/11\/1-200x300.jpeg 200w, https:\/\/gamacapital.org\/wp-content\/uploads\/2023\/11\/1-600x900.jpeg 600w, https:\/\/gamacapital.org\/wp-content\/uploads\/2023\/11\/1.jpeg 683w\" sizes=\"(max-width: 200px) 100vw, 200px\" \/><\/p>\n","protected":false},"excerpt":{"rendered":"<p>El grado de calidad resume la precisi\u00f3n de la ubicaci\u00f3n, integridad, relevancia y idoneidad de una observaci\u00f3n de iNaturalist como datos de biodiversidad. Algunos atributos se determinan autom\u00e1ticamente, mientras que otros est\u00e1n sujetos a un voto de usuarios de iNat. iNaturalist comparte observaciones con licencia &#8220;Grado de Investigaci\u00f3n&#8221; con una serie de datos socios para su uso en ciencia y conservaci\u00f3n.<\/p>\n","protected":false},"featured_media":0,"comment_status":"open","ping_status":"closed","template":"","meta":[],"product_cat":[15],"product_tag":[],"featured_image_urls":{"full":"","thumbnail":"","medium":"","medium_large":"","large":"","1536x1536":"","2048x2048":"","woocommerce_thumbnail":"","woocommerce_single":"","woocommerce_gallery_thumbnail":""},"post_excerpt_stackable":"<p>El grado de calidad resume la precisi\u00f3n de la ubicaci\u00f3n, integridad, relevancia y idoneidad de una observaci\u00f3n de iNaturalist como datos de biodiversidad. Algunos atributos se determinan autom\u00e1ticamente, mientras que otros est\u00e1n sujetos a un voto de usuarios de iNat. iNaturalist comparte observaciones con licencia &#8220;Grado de Investigaci\u00f3n&#8221; con una serie de datos socios para su uso en ciencia y conservaci\u00f3n.<\/p>\n","category_list":"","author_info":{"name":"","url":""},"comments_num":"0 comments","_links":{"self":[{"href":"https:\/\/gamacapital.org\/index.php\/wp-json\/wp\/v2\/product\/537"}],"collection":[{"href":"https:\/\/gamacapital.org\/index.php\/wp-json\/wp\/v2\/product"}],"about":[{"href":"https:\/\/gamacapital.org\/index.php\/wp-json\/wp\/v2\/types\/product"}],"replies":[{"embeddable":true,"href":"https:\/\/gamacapital.org\/index.php\/wp-json\/wp\/v2\/comments?post=537"}],"wp:attachment":[{"href":"https:\/\/gamacapital.org\/index.php\/wp-json\/wp\/v2\/media?parent=537"}],"wp:term":[{"taxonomy":"product_cat","embeddable":true,"href":"https:\/\/gamacapital.org\/index.php\/wp-json\/wp\/v2\/product_cat?post=537"},{"taxonomy":"product_tag","embeddable":true,"href":"https:\/\/gamacapital.org\/index.php\/wp-json\/wp\/v2\/product_tag?post=537"}],"curies":[{"name":"wp","href":"https:\/\/api.w.org\/{rel}","templated":true}]}}